{"id":8,"date":"2011-09-01T15:15:44","date_gmt":"2011-09-01T13:15:44","guid":{"rendered":"http:\/\/voltalumen.com\/?page_id=8"},"modified":"2011-11-16T01:54:01","modified_gmt":"2011-11-15T22:54:01","slug":"meediakajastus","status":"publish","type":"page","link":"https:\/\/voltalumen.com\/?page_id=8","title":{"rendered":"Meediakajastus"},"content":{"rendered":"<p>Elektriala detsember 2008 &#8211; &#8220;Pooljuhtvalgustitest&#8221; <a href=\"http:\/\/voltalumen.com\/meedia\/Pooljuhtvalgustitest.pdf\"><img loading=\"lazy\" decoding=\"async\" src=\"http:\/\/voltalumen.com\/images\/meedia_s.png\" alt=\"\" width=\"15\" height=\"15\" align=\"right\" border=\"0\" \/><\/a><\/p>\n<p>Volta valmistab valguslahenduse innovatiivse fassaadiga Tallinki b\u00fcroohoonele <a href=\"http:\/\/hei.eas.ee\/index.php?option=com_content&amp;view=article&amp;id=234:uudised&amp;catid=55:2008-november\"><img loading=\"lazy\" decoding=\"async\" src=\"http:\/\/voltalumen.com\/images\/meedia_s.png\" alt=\"\" width=\"15\" height=\"15\" align=\"right\" border=\"0\" \/><\/a><\/p>\n<p>Mondo Arc issue 52 &#8211; &#8220;Tallink HQ project&#8221; <a href=\"http:\/\/voltalumen.com\/meedia\/Mondo_Arc_issue_52.pdf\"><img loading=\"lazy\" decoding=\"async\" src=\"http:\/\/voltalumen.com\/images\/meedia_s.png\" alt=\"\" width=\"15\" height=\"15\" align=\"right\" border=\"0\" \/><\/a><\/p>\n<p>AK 23.12.09 &#8211; &#8220;V\u00f5idusamba valguslahendusi pole vaja kaugelt otsida&#8221; <a href=\"http:\/\/uudised.err.ee\/external\/iframeplayer\/uudised_iframe.php?playmode=startvideo&amp;lng=0&amp;vid=28889\"><img loading=\"lazy\" decoding=\"async\" src=\"http:\/\/voltalumen.com\/images\/meedia_s.png\" alt=\"\" width=\"15\" height=\"15\" align=\"right\" border=\"0\" \/><\/a><\/p>\n<p>\u00c4rip\u00e4ev 08.03.10 &#8211; &#8220;Tootmine v\u00f5i import?&#8221; <a href=\"http:\/\/voltalumen.com\/meedia\/Aripaev08.03.10.pdf\"><img loading=\"lazy\" decoding=\"async\" src=\"http:\/\/voltalumen.com\/images\/meedia_s.png\" alt=\"\" width=\"15\" height=\"15\" align=\"right\" border=\"0\" \/><\/a><\/p>\n","protected":false},"excerpt":{"rendered":"<p>Elektriala detsember 2008 &#8211; &#8220;Pooljuhtvalgustitest&#8221; Volta valmistab valguslahenduse innovatiivse fassaadiga Tallinki b\u00fcroohoonele Mondo Arc issue 52 &#8211; &#8220;Tallink HQ project&#8221; AK 23.12.09 &#8211; &#8220;V\u00f5idusamba valguslahendusi pole vaja kaugelt otsida&#8221; \u00c4rip\u00e4ev 08.03.10 &#8211; &#8220;Tootmine v\u00f5i import?&#8221;<\/p>\n","protected":false},"author":2,"featured_media":0,"parent":0,"menu_order":0,"comment_status":"open","ping_status":"open","template":"template.media.php","meta":{"footnotes":""},"_links":{"self":[{"href":"https:\/\/voltalumen.com\/index.php?rest_route=\/wp\/v2\/pages\/8"}],"collection":[{"href":"https:\/\/voltalumen.com\/index.php?rest_route=\/wp\/v2\/pages"}],"about":[{"href":"https:\/\/voltalumen.com\/index.php?rest_route=\/wp\/v2\/types\/page"}],"author":[{"embeddable":true,"href":"https:\/\/voltalumen.com\/index.php?rest_route=\/wp\/v2\/users\/2"}],"replies":[{"embeddable":true,"href":"https:\/\/voltalumen.com\/index.php?rest_route=%2Fwp%2Fv2%2Fcomments&post=8"}],"version-history":[{"count":3,"href":"https:\/\/voltalumen.com\/index.php?rest_route=\/wp\/v2\/pages\/8\/revisions"}],"predecessor-version":[{"id":442,"href":"https:\/\/voltalumen.com\/index.php?rest_route=\/wp\/v2\/pages\/8\/revisions\/442"}],"wp:attachment":[{"href":"https:\/\/voltalumen.com\/index.php?rest_route=%2Fwp%2Fv2%2Fmedia&parent=8"}],"curies":[{"name":"wp","href":"https:\/\/api.w.org\/{rel}","templated":true}]}}