{"id":6,"date":"2011-09-01T15:15:07","date_gmt":"2011-09-01T13:15:07","guid":{"rendered":"http:\/\/voltalumen.com\/?page_id=6"},"modified":"2016-10-12T10:08:20","modified_gmt":"2016-10-12T07:08:20","slug":"kontaktandmed","status":"publish","type":"page","link":"https:\/\/voltalumen.com\/?page_id=6","title":{"rendered":"Kontaktandmed"},"content":{"rendered":"<p><a href=\"http:\/\/xgis.maaamet.ee\/xGIS\/XGis?app_id=ADS4&amp;user_id=at&amp;punkt=541152.5,6590352.6&amp;zoom=1330&amp;setlegend=SADS4_20=0\"><img loading=\"lazy\" decoding=\"async\" src=\"\/\/voltalumen.com\/images\/kaart.jpg\" alt=\"\" width=\"230\" height=\"150\" align=\"right\" border=\"0\" \/><\/a><strong>Volta Lumen O\u00dc<\/strong><\/p>\n<p>T\u00f6\u00f6stuse 47, 10416 Tallinn<br \/>\n\u00fcldnumber: +(372) 6 120 673<br \/>\nfaks: +372 6 120 660<a href=\"mailto:info@voltalumen.com\"><br \/>\ninfo@voltalumen.com<\/a><\/p>\n<p>&nbsp;<\/p>\n<p>Arendusjuht: <strong>Madis Reivik<\/strong>: <a href=\"mailto:madis@voltalumen.com\">madis@voltalumen.com<\/a><br \/>\nArendusinsener: <strong>Martin Raska<\/strong>: <a href=\"mailto:martin@voltalumen.com\">martin@voltalumen.com<\/a><br \/>\nS\u00fcsteemiinsener: <strong>Marek Pallav<\/strong>: <a href=\"mailto:marek@voltalumen.com\">marek@voltalumen.com<\/a><br \/>\nKomponendiinsener: <strong>Ivo Hinrikus<\/strong>: <a href=\"mailto:ivo@voltalumen.com\">ivo@voltalumen.com<\/a><br \/>\nRaamatupidamine: <a href=\"mailto:raamatupidamine@voltalumen.com\">raamatupidamine@voltalumen.com<\/a><\/p>\n<p>&nbsp;<\/p>\n","protected":false},"excerpt":{"rendered":"<p>Volta Lumen O\u00dc T\u00f6\u00f6stuse 47, 10416 Tallinn \u00fcldnumber: +(372) 6 120 673 faks: +372 6 120 660 info@voltalumen.com &nbsp; Arendusjuht: Madis Reivik: madis@voltalumen.com Arendusinsener: Martin Raska: martin@voltalumen.com S\u00fcsteemiinsener: Marek Pallav: marek@voltalumen.com Komponendiinsener: Ivo Hinrikus: ivo@voltalumen.com Raamatupidamine: raamatupidamine@voltalumen.com &nbsp;<\/p>\n","protected":false},"author":2,"featured_media":0,"parent":0,"menu_order":0,"comment_status":"open","ping_status":"open","template":"template.contact.php","meta":{"footnotes":""},"_links":{"self":[{"href":"https:\/\/voltalumen.com\/index.php?rest_route=\/wp\/v2\/pages\/6"}],"collection":[{"href":"https:\/\/voltalumen.com\/index.php?rest_route=\/wp\/v2\/pages"}],"about":[{"href":"https:\/\/voltalumen.com\/index.php?rest_route=\/wp\/v2\/types\/page"}],"author":[{"embeddable":true,"href":"https:\/\/voltalumen.com\/index.php?rest_route=\/wp\/v2\/users\/2"}],"replies":[{"embeddable":true,"href":"https:\/\/voltalumen.com\/index.php?rest_route=%2Fwp%2Fv2%2Fcomments&post=6"}],"version-history":[{"count":13,"href":"https:\/\/voltalumen.com\/index.php?rest_route=\/wp\/v2\/pages\/6\/revisions"}],"predecessor-version":[{"id":575,"href":"https:\/\/voltalumen.com\/index.php?rest_route=\/wp\/v2\/pages\/6\/revisions\/575"}],"wp:attachment":[{"href":"https:\/\/voltalumen.com\/index.php?rest_route=%2Fwp%2Fv2%2Fmedia&parent=6"}],"curies":[{"name":"wp","href":"https:\/\/api.w.org\/{rel}","templated":true}]}}