{"id":12,"date":"2011-09-01T15:17:30","date_gmt":"2011-09-01T13:17:30","guid":{"rendered":"http:\/\/voltalumen.com\/?page_id=12"},"modified":"2014-03-28T17:31:24","modified_gmt":"2014-03-28T14:31:24","slug":"tutvustus","status":"publish","type":"page","link":"https:\/\/voltalumen.com\/","title":{"rendered":"Tutvustus"},"content":{"rendered":"<p>Volta Lumen on Eesti ettev\u00f5te, mis tegeleb LED valgustuslahenduste v\u00e4ljat\u00f6\u00f6tamise ja valmistamisega. Meie lahendused on \u00f6konoomsed, t\u00f6\u00f6kindlad ning s\u00e4\u00e4stlikud.<\/p>\n<p>Pakume lahendusi fassaadidele, kaubanduspindadele, dekoratiivvalgustus ning ka erilahendusi.<\/p>\n<p>K\u00f5ik valgustid valmistatakse Eestis, kasutades sertifitseeritud tarnijate kvaliteetkomponente ning state-of-art tehnoloogiat.<\/p>\n","protected":false},"excerpt":{"rendered":"<p>Volta Lumen on Eesti ettev\u00f5te, mis tegeleb LED valgustuslahenduste v\u00e4ljat\u00f6\u00f6tamise ja valmistamisega. Meie lahendused on \u00f6konoomsed, t\u00f6\u00f6kindlad ning s\u00e4\u00e4stlikud. Pakume lahendusi fassaadidele, kaubanduspindadele, dekoratiivvalgustus ning ka erilahendusi. K\u00f5ik valgustid valmistatakse Eestis, kasutades sertifitseeritud tarnijate kvaliteetkomponente ning state-of-art tehnoloogiat.<\/p>\n","protected":false},"author":2,"featured_media":0,"parent":0,"menu_order":0,"comment_status":"open","ping_status":"open","template":"template.summary.php","meta":{"footnotes":""},"_links":{"self":[{"href":"https:\/\/voltalumen.com\/index.php?rest_route=\/wp\/v2\/pages\/12"}],"collection":[{"href":"https:\/\/voltalumen.com\/index.php?rest_route=\/wp\/v2\/pages"}],"about":[{"href":"https:\/\/voltalumen.com\/index.php?rest_route=\/wp\/v2\/types\/page"}],"author":[{"embeddable":true,"href":"https:\/\/voltalumen.com\/index.php?rest_route=\/wp\/v2\/users\/2"}],"replies":[{"embeddable":true,"href":"https:\/\/voltalumen.com\/index.php?rest_route=%2Fwp%2Fv2%2Fcomments&post=12"}],"version-history":[{"count":7,"href":"https:\/\/voltalumen.com\/index.php?rest_route=\/wp\/v2\/pages\/12\/revisions"}],"predecessor-version":[{"id":469,"href":"https:\/\/voltalumen.com\/index.php?rest_route=\/wp\/v2\/pages\/12\/revisions\/469"}],"wp:attachment":[{"href":"https:\/\/voltalumen.com\/index.php?rest_route=%2Fwp%2Fv2%2Fmedia&parent=12"}],"curies":[{"name":"wp","href":"https:\/\/api.w.org\/{rel}","templated":true}]}}