{"id":104,"date":"2011-09-02T06:13:24","date_gmt":"2011-09-02T03:13:24","guid":{"rendered":"http:\/\/voltalumen.com\/?page_id=104"},"modified":"2016-10-12T10:07:43","modified_gmt":"2016-10-12T07:07:43","slug":"contact","status":"publish","type":"page","link":"https:\/\/voltalumen.com\/?page_id=104","title":{"rendered":"Contact"},"content":{"rendered":"<p><a href=\"http:\/\/xgis.maaamet.ee\/xGIS\/XGis?app_id=ADS4&amp;user_id=at&amp;punkt=541152.5,6590352.6&amp;zoom=1330&amp;setlegend=SADS4_20=0\"><img loading=\"lazy\" decoding=\"async\" src=\"\/\/voltalumen.com\/images\/kaart.jpg\" alt=\"\" width=\"230\" height=\"150\" align=\"right\" border=\"0\" \/><\/a><strong>Volta Lumen O\u00dc<br \/>\n<\/strong><\/p>\n<p>T\u00f6\u00f6stuse 47, 10416 Tallinn<br \/>\ntelephone: +(372) 6 120 673<br \/>\nfax: +372 6 120 660<a href=\"mailto:info@voltalumen.com\"><br \/>\ninfo@voltalumen.com<\/a><\/p>\n<p>&nbsp;<\/p>\n<p>Development manager: <strong>Madis Reivik<\/strong>: <a href=\"mailto:madis@voltalumen.com\">madis@voltalumen.com<\/a><br \/>\nDevelopment engineer: <strong>Martin Raska<\/strong>: <a href=\"mailto:martin@voltalumen.com\">martin@voltalumen.com<\/a><br \/>\nSystem engineer: <strong>Marek Pallav<\/strong>: <a href=\"mailto:marek@voltalumen.com\">marek@voltalumen.com<\/a><br \/>\nComponent engineer: <strong>Ivo Hinrikus<\/strong>: <a href=\"mailto:ivo@voltalumen.com\">ivo@voltalumen.com<\/a><br \/>\nAccounting department: <a href=\"mailto:raamatupidamine@voltalumen.com\">raamatupidamine@voltalumen.com<\/a><\/p>\n<p>&nbsp;<\/p>\n","protected":false},"excerpt":{"rendered":"<p>Volta Lumen O\u00dc T\u00f6\u00f6stuse 47, 10416 Tallinn telephone: +(372) 6 120 673 fax: +372 6 120 660 info@voltalumen.com &nbsp; Development manager: Madis Reivik: madis@voltalumen.com Development engineer: Martin Raska: martin@voltalumen.com System engineer: Marek Pallav: marek@voltalumen.com Component engineer: Ivo Hinrikus: ivo@voltalumen.com Accounting department: raamatupidamine@voltalumen.com &nbsp;<\/p>\n","protected":false},"author":2,"featured_media":0,"parent":0,"menu_order":0,"comment_status":"open","ping_status":"open","template":"template.contact.php","meta":{"footnotes":""},"_links":{"self":[{"href":"https:\/\/voltalumen.com\/index.php?rest_route=\/wp\/v2\/pages\/104"}],"collection":[{"href":"https:\/\/voltalumen.com\/index.php?rest_route=\/wp\/v2\/pages"}],"about":[{"href":"https:\/\/voltalumen.com\/index.php?rest_route=\/wp\/v2\/types\/page"}],"author":[{"embeddable":true,"href":"https:\/\/voltalumen.com\/index.php?rest_route=\/wp\/v2\/users\/2"}],"replies":[{"embeddable":true,"href":"https:\/\/voltalumen.com\/index.php?rest_route=%2Fwp%2Fv2%2Fcomments&post=104"}],"version-history":[{"count":18,"href":"https:\/\/voltalumen.com\/index.php?rest_route=\/wp\/v2\/pages\/104\/revisions"}],"predecessor-version":[{"id":574,"href":"https:\/\/voltalumen.com\/index.php?rest_route=\/wp\/v2\/pages\/104\/revisions\/574"}],"wp:attachment":[{"href":"https:\/\/voltalumen.com\/index.php?rest_route=%2Fwp%2Fv2%2Fmedia&parent=104"}],"curies":[{"name":"wp","href":"https:\/\/api.w.org\/{rel}","templated":true}]}}